{"id":17535,"date":"2021-03-10T16:18:12","date_gmt":"2021-03-10T15:18:12","guid":{"rendered":"https:\/\/cannes4c.com\/?page_id=17535"},"modified":"2025-10-09T20:29:20","modified_gmt":"2025-10-09T19:29:20","slug":"assemblees-generales","status":"publish","type":"page","link":"https:\/\/cannes4c.com\/?page_id=17535","title":{"rendered":"Assembl\u00e9es G\u00e9n\u00e9rales"},"content":{"rendered":"","protected":true},"excerpt":{"rendered":"","protected":true},"author":2,"featured_media":0,"parent":0,"menu_order":0,"comment_status":"closed","ping_status":"closed","template":"","meta":{"_monsterinsights_skip_tracking":false,"_monsterinsights_sitenote_active":false,"_monsterinsights_sitenote_note":"","_monsterinsights_sitenote_category":0},"_links":{"self":[{"href":"https:\/\/cannes4c.com\/index.php?rest_route=\/wp\/v2\/pages\/17535"}],"collection":[{"href":"https:\/\/cannes4c.com\/index.php?rest_route=\/wp\/v2\/pages"}],"about":[{"href":"https:\/\/cannes4c.com\/index.php?rest_route=\/wp\/v2\/types\/page"}],"author":[{"embeddable":true,"href":"https:\/\/cannes4c.com\/index.php?rest_route=\/wp\/v2\/users\/2"}],"replies":[{"embeddable":true,"href":"https:\/\/cannes4c.com\/index.php?rest_route=%2Fwp%2Fv2%2Fcomments&post=17535"}],"version-history":[{"count":229,"href":"https:\/\/cannes4c.com\/index.php?rest_route=\/wp\/v2\/pages\/17535\/revisions"}],"predecessor-version":[{"id":23469,"href":"https:\/\/cannes4c.com\/index.php?rest_route=\/wp\/v2\/pages\/17535\/revisions\/23469"}],"wp:attachment":[{"href":"https:\/\/cannes4c.com\/index.php?rest_route=%2Fwp%2Fv2%2Fmedia&parent=17535"}],"curies":[{"name":"wp","href":"https:\/\/api.w.org\/{rel}","templated":true}]}}