{"id":18902,"date":"2021-05-31T19:20:31","date_gmt":"2021-05-31T18:20:31","guid":{"rendered":"https:\/\/cannes4c.com\/?page_id=18902"},"modified":"2021-05-31T20:09:11","modified_gmt":"2021-05-31T19:09:11","slug":"elementor-18902","status":"publish","type":"page","link":"https:\/\/cannes4c.com\/?page_id=18902","title":{"rendered":"Soir\u00e9e du 31 mai 2021"},"content":{"rendered":"\t\t<div data-elementor-type=\"wp-page\" data-elementor-id=\"18902\" class=\"elementor elementor-18902\">\n\t\t\t\t\t\t<div class=\"elementor-inner\">\n\t\t\t\t<div class=\"elementor-section-wrap\">\n\t\t\t\t\t\t\t\t\t<section class=\"elementor-section elementor-top-section elementor-element elementor-element-6bec4b9 elementor-section-full_width elementor-section-height-default elementor-section-height-default\" data-id=\"6bec4b9\" data-element_type=\"section\" data-settings=\"{&quot;_ha_eqh_enable&quot;:false}\">\n\t\t\t\t\t\t<div class=\"elementor-container elementor-column-gap-default\">\n\t\t\t\t\t\t\t<div class=\"elementor-row\">\n\t\t\t\t\t<div class=\"elementor-column elementor-col-100 elementor-top-column elementor-element elementor-element-328443d\" data-id=\"328443d\" data-element_type=\"column\" data-settings=\"{&quot;background_background&quot;:&quot;classic&quot;}\">\n\t\t\t<div class=\"elementor-column-wrap elementor-element-populated\">\n\t\t\t\t\t\t\t<div class=\"elementor-widget-wrap\">\n\t\t\t\t\t\t<div class=\"elementor-element elementor-element-786b8df elementor-widget elementor-widget-spacer\" data-id=\"786b8df\" data-element_type=\"widget\" data-widget_type=\"spacer.default\">\n\t\t\t\t<div class=\"elementor-widget-container\">\n\t\t\t\t\t<div class=\"elementor-spacer\">\n\t\t\t<div class=\"elementor-spacer-inner\"><\/div>\n\t\t<\/div>\n\t\t\t\t<\/div>\n\t\t\t\t<\/div>\n\t\t\t\t<div class=\"elementor-element elementor-element-55ec1d8 elementor-widget elementor-widget-heading\" data-id=\"55ec1d8\" data-element_type=\"widget\" data-widget_type=\"heading.default\">\n\t\t\t\t<div class=\"elementor-widget-container\">\n\t\t\t<h1 class=\"elementor-heading-title elementor-size-large\">Soir\u00e9e du 31 mai 2021<\/h1>\t\t<\/div>\n\t\t\t\t<\/div>\n\t\t\t\t<div class=\"elementor-element elementor-element-df3211d elementor-widget elementor-widget-spacer\" data-id=\"df3211d\" data-element_type=\"widget\" data-widget_type=\"spacer.default\">\n\t\t\t\t<div class=\"elementor-widget-container\">\n\t\t\t\t\t<div class=\"elementor-spacer\">\n\t\t\t<div class=\"elementor-spacer-inner\"><\/div>\n\t\t<\/div>\n\t\t\t\t<\/div>\n\t\t\t\t<\/div>\n\t\t\t\t\t\t<\/div>\n\t\t\t\t\t<\/div>\n\t\t<\/div>\n\t\t\t\t\t\t\t\t<\/div>\n\t\t\t\t\t<\/div>\n\t\t<\/section>\n\t\t\t\t<section class=\"elementor-section elementor-top-section elementor-element elementor-element-7b749ce elementor-section-full_width elementor-section-height-default elementor-section-height-default\" data-id=\"7b749ce\" data-element_type=\"section\" data-settings=\"{&quot;_ha_eqh_enable&quot;:false}\">\n\t\t\t\t\t\t<div class=\"elementor-container elementor-column-gap-default\">\n\t\t\t\t\t\t\t<div class=\"elementor-row\">\n\t\t\t\t\t<div class=\"elementor-column elementor-col-100 elementor-top-column elementor-element elementor-element-0b47612\" data-id=\"0b47612\" data-element_type=\"column\">\n\t\t\t<div class=\"elementor-column-wrap elementor-element-populated\">\n\t\t\t\t\t\t\t<div class=\"elementor-widget-wrap\">\n\t\t\t\t\t\t<div class=\"elementor-element elementor-element-1f91586 elementor-widget elementor-widget-spacer\" data-id=\"1f91586\" data-element_type=\"widget\" data-widget_type=\"spacer.default\">\n\t\t\t\t<div class=\"elementor-widget-container\">\n\t\t\t\t\t<div class=\"elementor-spacer\">\n\t\t\t<div class=\"elementor-spacer-inner\"><\/div>\n\t\t<\/div>\n\t\t\t\t<\/div>\n\t\t\t\t<\/div>\n\t\t\t\t\t\t<\/div>\n\t\t\t\t\t<\/div>\n\t\t<\/div>\n\t\t\t\t\t\t\t\t<\/div>\n\t\t\t\t\t<\/div>\n\t\t<\/section>\n\t\t\t\t<section class=\"elementor-section elementor-top-section elementor-element elementor-element-6b75ad1 elementor-section-full_width elementor-section-height-default elementor-section-height-default\" data-id=\"6b75ad1\" data-element_type=\"section\" data-settings=\"{&quot;_ha_eqh_enable&quot;:false}\">\n\t\t\t\t\t\t\t<div class=\"elementor-background-overlay\"><\/div>\n\t\t\t\t\t\t\t<div class=\"elementor-container elementor-column-gap-default\">\n\t\t\t\t\t\t\t<div class=\"elementor-row\">\n\t\t\t\t\t<div class=\"elementor-column elementor-col-100 elementor-top-column elementor-element elementor-element-c57f66d\" data-id=\"c57f66d\" data-element_type=\"column\" data-settings=\"{&quot;background_background&quot;:&quot;classic&quot;}\">\n\t\t\t<div class=\"elementor-column-wrap elementor-element-populated\">\n\t\t\t\t\t\t\t<div class=\"elementor-widget-wrap\">\n\t\t\t\t\t\t<section class=\"elementor-section elementor-inner-section elementor-element elementor-element-e2e4e5e elementor-section-full_width elementor-section-height-default elementor-section-height-default\" data-id=\"e2e4e5e\" data-element_type=\"section\" data-settings=\"{&quot;_ha_eqh_enable&quot;:false}\">\n\t\t\t\t\t\t<div class=\"elementor-container elementor-column-gap-default\">\n\t\t\t\t\t\t\t<div class=\"elementor-row\">\n\t\t\t\t\t<div class=\"elementor-column elementor-col-25 elementor-inner-column elementor-element elementor-element-76931c0\" data-id=\"76931c0\" data-element_type=\"column\" data-settings=\"{&quot;background_background&quot;:&quot;classic&quot;}\">\n\t\t\t<div class=\"elementor-column-wrap elementor-element-populated\">\n\t\t\t\t\t\t\t<div class=\"elementor-widget-wrap\">\n\t\t\t\t\t\t<div class=\"elementor-element elementor-element-85efcb5 elementor-widget elementor-widget-heading\" data-id=\"85efcb5\" data-element_type=\"widget\" data-widget_type=\"heading.default\">\n\t\t\t\t<div class=\"elementor-widget-container\">\n\t\t\t<span class=\"elementor-heading-title elementor-size-default\"><a href=\"https:\/\/vimeo.com\/557051867\" target=\"_blank\">Rocher Saint Michel<\/a><\/span>\t\t<\/div>\n\t\t\t\t<\/div>\n\t\t\t\t<div class=\"elementor-element elementor-element-138d03b elementor-widget elementor-widget-image\" data-id=\"138d03b\" data-element_type=\"widget\" data-widget_type=\"image.default\">\n\t\t\t\t<div class=\"elementor-widget-container\">\n\t\t\t\t\t\t\t\t<div class=\"elementor-image\">\n\t\t\t\t\t\t\t\t\t\t\t\t\t<a href=\"https:\/\/vimeo.com\/557051867\" target=\"_blank\">\n\t\t\t\t\t\t\t<img width=\"500\" height=\"281\" src=\"https:\/\/cannes4c.com\/wp-content\/uploads\/2021\/05\/Screenshot_2021-05-31-Rocher-Saint-Michel.png.jpg\" class=\"attachment-large size-large wp-image-18927\" alt=\"\" loading=\"lazy\" srcset=\"https:\/\/cannes4c.com\/wp-content\/uploads\/2021\/05\/Screenshot_2021-05-31-Rocher-Saint-Michel.png.jpg 500w, https:\/\/cannes4c.com\/wp-content\/uploads\/2021\/05\/Screenshot_2021-05-31-Rocher-Saint-Michel.png-300x169.jpg 300w\" sizes=\"(max-width: 500px) 100vw, 500px\" \/>\t\t\t\t\t\t\t\t<\/a>\n\t\t\t\t\t\t\t\t\t\t\t\t\t\t<\/div>\n\t\t\t\t\t\t<\/div>\n\t\t\t\t<\/div>\n\t\t\t\t<div class=\"elementor-element elementor-element-a938750 elementor-widget elementor-widget-heading\" data-id=\"a938750\" data-element_type=\"widget\" data-widget_type=\"heading.default\">\n\t\t\t\t<div class=\"elementor-widget-container\">\n\t\t\t<span class=\"elementor-heading-title elementor-size-default\">Roger LAMPERIERE<\/span>\t\t<\/div>\n\t\t\t\t<\/div>\n\t\t\t\t\t\t<\/div>\n\t\t\t\t\t<\/div>\n\t\t<\/div>\n\t\t\t\t<div class=\"elementor-column elementor-col-25 elementor-inner-column elementor-element elementor-element-b2c760e\" data-id=\"b2c760e\" data-element_type=\"column\" data-settings=\"{&quot;background_background&quot;:&quot;classic&quot;}\">\n\t\t\t<div class=\"elementor-column-wrap elementor-element-populated\">\n\t\t\t\t\t\t\t<div class=\"elementor-widget-wrap\">\n\t\t\t\t\t\t<div class=\"elementor-element elementor-element-7fb61d3 elementor-widget elementor-widget-heading\" data-id=\"7fb61d3\" data-element_type=\"widget\" data-widget_type=\"heading.default\">\n\t\t\t\t<div class=\"elementor-widget-container\">\n\t\t\t<span class=\"elementor-heading-title elementor-size-default\"><a href=\"https:\/\/vimeo.com\/557046654\" target=\"_blank\">L'\u00e9tang de Fontmerle<\/a><\/span>\t\t<\/div>\n\t\t\t\t<\/div>\n\t\t\t\t<div class=\"elementor-element elementor-element-5bfee0e elementor-widget elementor-widget-image\" data-id=\"5bfee0e\" data-element_type=\"widget\" data-widget_type=\"image.default\">\n\t\t\t\t<div class=\"elementor-widget-container\">\n\t\t\t\t\t\t\t\t<div class=\"elementor-image\">\n\t\t\t\t\t\t\t\t\t\t\t\t\t<a href=\"https:\/\/vimeo.com\/557046654\" target=\"_blank\">\n\t\t\t\t\t\t\t<img width=\"500\" height=\"281\" src=\"https:\/\/cannes4c.com\/wp-content\/uploads\/2021\/05\/Screenshot_2021-05-31-Letang-de-Fontmerle.png.jpg\" class=\"attachment-large size-large wp-image-18926\" alt=\"\" loading=\"lazy\" srcset=\"https:\/\/cannes4c.com\/wp-content\/uploads\/2021\/05\/Screenshot_2021-05-31-Letang-de-Fontmerle.png.jpg 500w, https:\/\/cannes4c.com\/wp-content\/uploads\/2021\/05\/Screenshot_2021-05-31-Letang-de-Fontmerle.png-300x169.jpg 300w\" sizes=\"(max-width: 500px) 100vw, 500px\" \/>\t\t\t\t\t\t\t\t<\/a>\n\t\t\t\t\t\t\t\t\t\t\t\t\t\t<\/div>\n\t\t\t\t\t\t<\/div>\n\t\t\t\t<\/div>\n\t\t\t\t<div class=\"elementor-element elementor-element-878f044 elementor-widget elementor-widget-heading\" data-id=\"878f044\" data-element_type=\"widget\" data-widget_type=\"heading.default\">\n\t\t\t\t<div class=\"elementor-widget-container\">\n\t\t\t<span class=\"elementor-heading-title elementor-size-default\">Jean-Jacques QUENOUILLE<\/span>\t\t<\/div>\n\t\t\t\t<\/div>\n\t\t\t\t\t\t<\/div>\n\t\t\t\t\t<\/div>\n\t\t<\/div>\n\t\t\t\t<div class=\"elementor-column elementor-col-25 elementor-inner-column elementor-element elementor-element-b84b2ad\" data-id=\"b84b2ad\" data-element_type=\"column\" data-settings=\"{&quot;background_background&quot;:&quot;classic&quot;}\">\n\t\t\t<div class=\"elementor-column-wrap elementor-element-populated\">\n\t\t\t\t\t\t\t<div class=\"elementor-widget-wrap\">\n\t\t\t\t\t\t<div class=\"elementor-element elementor-element-cd37700 elementor-widget elementor-widget-heading\" data-id=\"cd37700\" data-element_type=\"widget\" data-widget_type=\"heading.default\">\n\t\t\t\t<div class=\"elementor-widget-container\">\n\t\t\t<span class=\"elementor-heading-title elementor-size-default\"><a href=\"https:\/\/vimeo.com\/557045646\" target=\"_blank\">Aubeterre<\/a><\/span>\t\t<\/div>\n\t\t\t\t<\/div>\n\t\t\t\t<div class=\"elementor-element elementor-element-ccd9233 elementor-widget elementor-widget-image\" data-id=\"ccd9233\" data-element_type=\"widget\" data-widget_type=\"image.default\">\n\t\t\t\t<div class=\"elementor-widget-container\">\n\t\t\t\t\t\t\t\t<div class=\"elementor-image\">\n\t\t\t\t\t\t\t\t\t\t\t\t\t<a href=\"https:\/\/vimeo.com\/557045646\" target=\"_blank\">\n\t\t\t\t\t\t\t<img width=\"500\" height=\"281\" src=\"https:\/\/cannes4c.com\/wp-content\/uploads\/2021\/05\/Screenshot_2021-05-31-Aubeterre.png.jpg\" class=\"attachment-large size-large wp-image-18921\" alt=\"\" loading=\"lazy\" srcset=\"https:\/\/cannes4c.com\/wp-content\/uploads\/2021\/05\/Screenshot_2021-05-31-Aubeterre.png.jpg 500w, https:\/\/cannes4c.com\/wp-content\/uploads\/2021\/05\/Screenshot_2021-05-31-Aubeterre.png-300x169.jpg 300w\" sizes=\"(max-width: 500px) 100vw, 500px\" \/>\t\t\t\t\t\t\t\t<\/a>\n\t\t\t\t\t\t\t\t\t\t\t\t\t\t<\/div>\n\t\t\t\t\t\t<\/div>\n\t\t\t\t<\/div>\n\t\t\t\t<div class=\"elementor-element elementor-element-18403b3 elementor-widget elementor-widget-heading\" data-id=\"18403b3\" data-element_type=\"widget\" data-widget_type=\"heading.default\">\n\t\t\t\t<div class=\"elementor-widget-container\">\n\t\t\t<span class=\"elementor-heading-title elementor-size-default\">Claude DEFAY<\/span>\t\t<\/div>\n\t\t\t\t<\/div>\n\t\t\t\t\t\t<\/div>\n\t\t\t\t\t<\/div>\n\t\t<\/div>\n\t\t\t\t<div class=\"elementor-column elementor-col-25 elementor-inner-column elementor-element elementor-element-9e5443a\" data-id=\"9e5443a\" data-element_type=\"column\" data-settings=\"{&quot;background_background&quot;:&quot;classic&quot;}\">\n\t\t\t<div class=\"elementor-column-wrap elementor-element-populated\">\n\t\t\t\t\t\t\t<div class=\"elementor-widget-wrap\">\n\t\t\t\t\t\t<div class=\"elementor-element elementor-element-2c82ec7 elementor-widget elementor-widget-heading\" data-id=\"2c82ec7\" data-element_type=\"widget\" data-widget_type=\"heading.default\">\n\t\t\t\t<div class=\"elementor-widget-container\">\n\t\t\t<span class=\"elementor-heading-title elementor-size-default\"><a href=\"https:\/\/vimeo.com\/557044722\" target=\"_blank\">La baie de l'ange<\/a><\/span>\t\t<\/div>\n\t\t\t\t<\/div>\n\t\t\t\t<div class=\"elementor-element elementor-element-37bf49f elementor-widget elementor-widget-image\" data-id=\"37bf49f\" data-element_type=\"widget\" data-widget_type=\"image.default\">\n\t\t\t\t<div class=\"elementor-widget-container\">\n\t\t\t\t\t\t\t\t<div class=\"elementor-image\">\n\t\t\t\t\t\t\t\t\t\t\t\t\t<a href=\"https:\/\/vimeo.com\/557044722\" target=\"_blank\">\n\t\t\t\t\t\t\t<img width=\"500\" height=\"281\" src=\"https:\/\/cannes4c.com\/wp-content\/uploads\/2021\/05\/Screenshot_2021-05-31-La-baie-de-lange.png.jpg\" class=\"attachment-large size-large wp-image-18924\" alt=\"\" loading=\"lazy\" srcset=\"https:\/\/cannes4c.com\/wp-content\/uploads\/2021\/05\/Screenshot_2021-05-31-La-baie-de-lange.png.jpg 500w, https:\/\/cannes4c.com\/wp-content\/uploads\/2021\/05\/Screenshot_2021-05-31-La-baie-de-lange.png-300x169.jpg 300w\" sizes=\"(max-width: 500px) 100vw, 500px\" \/>\t\t\t\t\t\t\t\t<\/a>\n\t\t\t\t\t\t\t\t\t\t\t\t\t\t<\/div>\n\t\t\t\t\t\t<\/div>\n\t\t\t\t<\/div>\n\t\t\t\t<div class=\"elementor-element elementor-element-4ab2846 elementor-widget elementor-widget-heading\" data-id=\"4ab2846\" data-element_type=\"widget\" data-widget_type=\"heading.default\">\n\t\t\t\t<div class=\"elementor-widget-container\">\n\t\t\t<span class=\"elementor-heading-title elementor-size-default\">Jean-Marie ROSSI<\/span>\t\t<\/div>\n\t\t\t\t<\/div>\n\t\t\t\t\t\t<\/div>\n\t\t\t\t\t<\/div>\n\t\t<\/div>\n\t\t\t\t\t\t\t\t<\/div>\n\t\t\t\t\t<\/div>\n\t\t<\/section>\n\t\t\t\t\t\t<\/div>\n\t\t\t\t\t<\/div>\n\t\t<\/div>\n\t\t\t\t\t\t\t\t<\/div>\n\t\t\t\t\t<\/div>\n\t\t<\/section>\n\t\t\t\t<section class=\"elementor-section elementor-top-section elementor-element elementor-element-565fea0 elementor-section-full_width elementor-section-height-default elementor-section-height-default\" data-id=\"565fea0\" data-element_type=\"section\" data-settings=\"{&quot;_ha_eqh_enable&quot;:false}\">\n\t\t\t\t\t\t<div class=\"elementor-container elementor-column-gap-default\">\n\t\t\t\t\t\t\t<div class=\"elementor-row\">\n\t\t\t\t\t<div class=\"elementor-column elementor-col-100 elementor-top-column elementor-element elementor-element-5686905\" data-id=\"5686905\" data-element_type=\"column\">\n\t\t\t<div class=\"elementor-column-wrap elementor-element-populated\">\n\t\t\t\t\t\t\t<div class=\"elementor-widget-wrap\">\n\t\t\t\t\t\t<div class=\"elementor-element elementor-element-fdc1600 elementor-widget elementor-widget-spacer\" data-id=\"fdc1600\" data-element_type=\"widget\" data-widget_type=\"spacer.default\">\n\t\t\t\t<div class=\"elementor-widget-container\">\n\t\t\t\t\t<div class=\"elementor-spacer\">\n\t\t\t<div class=\"elementor-spacer-inner\"><\/div>\n\t\t<\/div>\n\t\t\t\t<\/div>\n\t\t\t\t<\/div>\n\t\t\t\t\t\t<\/div>\n\t\t\t\t\t<\/div>\n\t\t<\/div>\n\t\t\t\t\t\t\t\t<\/div>\n\t\t\t\t\t<\/div>\n\t\t<\/section>\n\t\t\t\t<section class=\"elementor-section elementor-top-section elementor-element elementor-element-8433d7f elementor-section-full_width elementor-section-height-default elementor-section-height-default\" data-id=\"8433d7f\" data-element_type=\"section\" data-settings=\"{&quot;_ha_eqh_enable&quot;:false}\">\n\t\t\t\t\t\t\t<div class=\"elementor-background-overlay\"><\/div>\n\t\t\t\t\t\t\t<div class=\"elementor-container elementor-column-gap-default\">\n\t\t\t\t\t\t\t<div class=\"elementor-row\">\n\t\t\t\t\t<div class=\"elementor-column elementor-col-100 elementor-top-column elementor-element elementor-element-850861b\" data-id=\"850861b\" data-element_type=\"column\" data-settings=\"{&quot;background_background&quot;:&quot;classic&quot;}\">\n\t\t\t<div class=\"elementor-column-wrap elementor-element-populated\">\n\t\t\t\t\t\t\t<div class=\"elementor-widget-wrap\">\n\t\t\t\t\t\t<section class=\"elementor-section elementor-inner-section elementor-element elementor-element-02863dc elementor-section-full_width elementor-section-height-default elementor-section-height-default\" data-id=\"02863dc\" data-element_type=\"section\" data-settings=\"{&quot;_ha_eqh_enable&quot;:false}\">\n\t\t\t\t\t\t<div class=\"elementor-container elementor-column-gap-default\">\n\t\t\t\t\t\t\t<div class=\"elementor-row\">\n\t\t\t\t\t<div class=\"elementor-column elementor-col-25 elementor-inner-column elementor-element elementor-element-ce40d21\" data-id=\"ce40d21\" data-element_type=\"column\" data-settings=\"{&quot;background_background&quot;:&quot;classic&quot;}\">\n\t\t\t<div class=\"elementor-column-wrap elementor-element-populated\">\n\t\t\t\t\t\t\t<div class=\"elementor-widget-wrap\">\n\t\t\t\t\t\t<div class=\"elementor-element elementor-element-3728ff8 elementor-widget elementor-widget-heading\" data-id=\"3728ff8\" data-element_type=\"widget\" data-widget_type=\"heading.default\">\n\t\t\t\t<div class=\"elementor-widget-container\">\n\t\t\t<span class=\"elementor-heading-title elementor-size-default\"><a href=\"https:\/\/vimeo.com\/557043793\" target=\"_blank\">Conflans<\/a><\/span>\t\t<\/div>\n\t\t\t\t<\/div>\n\t\t\t\t<div class=\"elementor-element elementor-element-6139c23 elementor-widget elementor-widget-image\" data-id=\"6139c23\" data-element_type=\"widget\" data-widget_type=\"image.default\">\n\t\t\t\t<div class=\"elementor-widget-container\">\n\t\t\t\t\t\t\t\t<div class=\"elementor-image\">\n\t\t\t\t\t\t\t\t\t\t\t\t\t<a href=\"https:\/\/vimeo.com\/557043793\" target=\"_blank\">\n\t\t\t\t\t\t\t<img width=\"500\" height=\"281\" src=\"https:\/\/cannes4c.com\/wp-content\/uploads\/2021\/05\/Screenshot_2021-05-31-Conflans.png.jpg\" class=\"attachment-large size-large wp-image-18923\" alt=\"\" loading=\"lazy\" srcset=\"https:\/\/cannes4c.com\/wp-content\/uploads\/2021\/05\/Screenshot_2021-05-31-Conflans.png.jpg 500w, https:\/\/cannes4c.com\/wp-content\/uploads\/2021\/05\/Screenshot_2021-05-31-Conflans.png-300x169.jpg 300w\" sizes=\"(max-width: 500px) 100vw, 500px\" \/>\t\t\t\t\t\t\t\t<\/a>\n\t\t\t\t\t\t\t\t\t\t\t\t\t\t<\/div>\n\t\t\t\t\t\t<\/div>\n\t\t\t\t<\/div>\n\t\t\t\t<div class=\"elementor-element elementor-element-eb6e30a elementor-widget elementor-widget-heading\" data-id=\"eb6e30a\" data-element_type=\"widget\" data-widget_type=\"heading.default\">\n\t\t\t\t<div class=\"elementor-widget-container\">\n\t\t\t<span class=\"elementor-heading-title elementor-size-default\">Jean-Pierre HAASE et Jacques CURATET<\/span>\t\t<\/div>\n\t\t\t\t<\/div>\n\t\t\t\t\t\t<\/div>\n\t\t\t\t\t<\/div>\n\t\t<\/div>\n\t\t\t\t<div class=\"elementor-column elementor-col-25 elementor-inner-column elementor-element elementor-element-6b0185d\" data-id=\"6b0185d\" data-element_type=\"column\" data-settings=\"{&quot;background_background&quot;:&quot;classic&quot;}\">\n\t\t\t<div class=\"elementor-column-wrap elementor-element-populated\">\n\t\t\t\t\t\t\t<div class=\"elementor-widget-wrap\">\n\t\t\t\t\t\t<div class=\"elementor-element elementor-element-06e7e2a elementor-widget elementor-widget-heading\" data-id=\"06e7e2a\" data-element_type=\"widget\" data-widget_type=\"heading.default\">\n\t\t\t\t<div class=\"elementor-widget-container\">\n\t\t\t<span class=\"elementor-heading-title elementor-size-default\"><a href=\"https:\/\/vimeo.com\/556930746\" target=\"_blank\">Collonges la Rouge<\/a><\/span>\t\t<\/div>\n\t\t\t\t<\/div>\n\t\t\t\t<div class=\"elementor-element elementor-element-8a73cd4 elementor-widget elementor-widget-image\" data-id=\"8a73cd4\" data-element_type=\"widget\" data-widget_type=\"image.default\">\n\t\t\t\t<div class=\"elementor-widget-container\">\n\t\t\t\t\t\t\t\t<div class=\"elementor-image\">\n\t\t\t\t\t\t\t\t\t\t\t\t\t<a href=\"https:\/\/vimeo.com\/556930746\" target=\"_blank\">\n\t\t\t\t\t\t\t<img width=\"500\" height=\"281\" src=\"https:\/\/cannes4c.com\/wp-content\/uploads\/2021\/05\/Screenshot_2021-05-31-Collonges-la-Rouge.png.jpg\" class=\"attachment-large size-large wp-image-18922\" alt=\"\" loading=\"lazy\" srcset=\"https:\/\/cannes4c.com\/wp-content\/uploads\/2021\/05\/Screenshot_2021-05-31-Collonges-la-Rouge.png.jpg 500w, https:\/\/cannes4c.com\/wp-content\/uploads\/2021\/05\/Screenshot_2021-05-31-Collonges-la-Rouge.png-300x169.jpg 300w\" sizes=\"(max-width: 500px) 100vw, 500px\" \/>\t\t\t\t\t\t\t\t<\/a>\n\t\t\t\t\t\t\t\t\t\t\t\t\t\t<\/div>\n\t\t\t\t\t\t<\/div>\n\t\t\t\t<\/div>\n\t\t\t\t<div class=\"elementor-element elementor-element-5a830f3 elementor-widget elementor-widget-heading\" data-id=\"5a830f3\" data-element_type=\"widget\" data-widget_type=\"heading.default\">\n\t\t\t\t<div class=\"elementor-widget-container\">\n\t\t\t<span class=\"elementor-heading-title elementor-size-default\">Raymond G\u00e9n\u00e9reux<\/span>\t\t<\/div>\n\t\t\t\t<\/div>\n\t\t\t\t\t\t<\/div>\n\t\t\t\t\t<\/div>\n\t\t<\/div>\n\t\t\t\t<div class=\"elementor-column elementor-col-25 elementor-inner-column elementor-element elementor-element-718a396\" data-id=\"718a396\" data-element_type=\"column\" data-settings=\"{&quot;background_background&quot;:&quot;classic&quot;}\">\n\t\t\t<div class=\"elementor-column-wrap elementor-element-populated\">\n\t\t\t\t\t\t\t<div class=\"elementor-widget-wrap\">\n\t\t\t\t\t\t<div class=\"elementor-element elementor-element-a0608cd elementor-widget elementor-widget-heading\" data-id=\"a0608cd\" data-element_type=\"widget\" data-widget_type=\"heading.default\">\n\t\t\t\t<div class=\"elementor-widget-container\">\n\t\t\t<span class=\"elementor-heading-title elementor-size-default\"><a href=\"https:\/\/vimeo.com\/556927111\" target=\"_blank\">Si la Bretagne m'\u00e9tait cont\u00e9e<\/a><\/span>\t\t<\/div>\n\t\t\t\t<\/div>\n\t\t\t\t<div class=\"elementor-element elementor-element-83c9cbb elementor-widget elementor-widget-image\" data-id=\"83c9cbb\" data-element_type=\"widget\" data-widget_type=\"image.default\">\n\t\t\t\t<div class=\"elementor-widget-container\">\n\t\t\t\t\t\t\t\t<div class=\"elementor-image\">\n\t\t\t\t\t\t\t\t\t\t\t\t\t<a href=\"https:\/\/vimeo.com\/556927111\" target=\"_blank\">\n\t\t\t\t\t\t\t<img width=\"500\" height=\"281\" src=\"https:\/\/cannes4c.com\/wp-content\/uploads\/2021\/05\/Screenshot_2021-05-31-Si-la-Bretagne-metait-contee.png.jpg\" class=\"attachment-large size-large wp-image-18928\" alt=\"\" loading=\"lazy\" srcset=\"https:\/\/cannes4c.com\/wp-content\/uploads\/2021\/05\/Screenshot_2021-05-31-Si-la-Bretagne-metait-contee.png.jpg 500w, https:\/\/cannes4c.com\/wp-content\/uploads\/2021\/05\/Screenshot_2021-05-31-Si-la-Bretagne-metait-contee.png-300x169.jpg 300w\" sizes=\"(max-width: 500px) 100vw, 500px\" \/>\t\t\t\t\t\t\t\t<\/a>\n\t\t\t\t\t\t\t\t\t\t\t\t\t\t<\/div>\n\t\t\t\t\t\t<\/div>\n\t\t\t\t<\/div>\n\t\t\t\t<div class=\"elementor-element elementor-element-7a67117 elementor-widget elementor-widget-heading\" data-id=\"7a67117\" data-element_type=\"widget\" data-widget_type=\"heading.default\">\n\t\t\t\t<div class=\"elementor-widget-container\">\n\t\t\t<span class=\"elementor-heading-title elementor-size-default\">Fran\u00e7ois Aubertin<\/span>\t\t<\/div>\n\t\t\t\t<\/div>\n\t\t\t\t\t\t<\/div>\n\t\t\t\t\t<\/div>\n\t\t<\/div>\n\t\t\t\t<div class=\"elementor-column elementor-col-25 elementor-inner-column elementor-element elementor-element-9f4518b\" data-id=\"9f4518b\" data-element_type=\"column\" data-settings=\"{&quot;background_background&quot;:&quot;classic&quot;}\">\n\t\t\t<div class=\"elementor-column-wrap elementor-element-populated\">\n\t\t\t\t\t\t\t<div class=\"elementor-widget-wrap\">\n\t\t\t\t\t\t<div class=\"elementor-element elementor-element-81c125e elementor-widget elementor-widget-heading\" data-id=\"81c125e\" data-element_type=\"widget\" data-widget_type=\"heading.default\">\n\t\t\t\t<div class=\"elementor-widget-container\">\n\t\t\t<span class=\"elementor-heading-title elementor-size-default\"><a href=\"https:\/\/vimeo.com\/556923355\" target=\"_blank\">Les Alpes fran\u00e7aises<\/a><\/span>\t\t<\/div>\n\t\t\t\t<\/div>\n\t\t\t\t<div class=\"elementor-element elementor-element-8ad0cf3 elementor-widget elementor-widget-image\" data-id=\"8ad0cf3\" data-element_type=\"widget\" data-widget_type=\"image.default\">\n\t\t\t\t<div class=\"elementor-widget-container\">\n\t\t\t\t\t\t\t\t<div class=\"elementor-image\">\n\t\t\t\t\t\t\t\t\t\t\t\t\t<a href=\"https:\/\/vimeo.com\/556923355\" target=\"_blank\">\n\t\t\t\t\t\t\t<img width=\"500\" height=\"281\" src=\"https:\/\/cannes4c.com\/wp-content\/uploads\/2021\/05\/Screenshot_2021-05-31-Les-Alpes-francaises.png.jpg\" class=\"attachment-large size-large wp-image-18925\" alt=\"\" loading=\"lazy\" srcset=\"https:\/\/cannes4c.com\/wp-content\/uploads\/2021\/05\/Screenshot_2021-05-31-Les-Alpes-francaises.png.jpg 500w, https:\/\/cannes4c.com\/wp-content\/uploads\/2021\/05\/Screenshot_2021-05-31-Les-Alpes-francaises.png-300x169.jpg 300w\" sizes=\"(max-width: 500px) 100vw, 500px\" \/>\t\t\t\t\t\t\t\t<\/a>\n\t\t\t\t\t\t\t\t\t\t\t\t\t\t<\/div>\n\t\t\t\t\t\t<\/div>\n\t\t\t\t<\/div>\n\t\t\t\t<div class=\"elementor-element elementor-element-fae5ac4 elementor-widget elementor-widget-heading\" data-id=\"fae5ac4\" data-element_type=\"widget\" data-widget_type=\"heading.default\">\n\t\t\t\t<div class=\"elementor-widget-container\">\n\t\t\t<span class=\"elementor-heading-title elementor-size-default\">Les Alpes fran\u00e7aises<\/span>\t\t<\/div>\n\t\t\t\t<\/div>\n\t\t\t\t\t\t<\/div>\n\t\t\t\t\t<\/div>\n\t\t<\/div>\n\t\t\t\t\t\t\t\t<\/div>\n\t\t\t\t\t<\/div>\n\t\t<\/section>\n\t\t\t\t\t\t<\/div>\n\t\t\t\t\t<\/div>\n\t\t<\/div>\n\t\t\t\t\t\t\t\t<\/div>\n\t\t\t\t\t<\/div>\n\t\t<\/section>\n\t\t\t\t\t\t\t\t\t<\/div>\n\t\t\t<\/div>\n\t\t\t\t\t<\/div>\n\t\t","protected":false},"excerpt":{"rendered":"<p>Soir\u00e9e du 31 mai 2021 Rocher Saint Michel Roger LAMPERIERE L&#8217;\u00e9tang de Fontmerle Jean-Jacques QUENOUILLE Aubeterre Claude DEFAY La baie de l&#8217;ange Jean-Marie ROSSI Conflans Jean-Pierre HAASE et Jacques CURATET Collonges la Rouge Raymond G\u00e9n\u00e9reux Si la Bretagne m&#8217;\u00e9tait cont\u00e9e Fran\u00e7ois Aubertin Les Alpes fran\u00e7aises Les Alpes fran\u00e7aises<\/p>\n","protected":false},"author":2,"featured_media":0,"parent":0,"menu_order":0,"comment_status":"closed","ping_status":"closed","template":"","meta":{"_monsterinsights_skip_tracking":false,"_monsterinsights_sitenote_active":false,"_monsterinsights_sitenote_note":"","_monsterinsights_sitenote_category":0},"_links":{"self":[{"href":"https:\/\/cannes4c.com\/index.php?rest_route=\/wp\/v2\/pages\/18902"}],"collection":[{"href":"https:\/\/cannes4c.com\/index.php?rest_route=\/wp\/v2\/pages"}],"about":[{"href":"https:\/\/cannes4c.com\/index.php?rest_route=\/wp\/v2\/types\/page"}],"author":[{"embeddable":true,"href":"https:\/\/cannes4c.com\/index.php?rest_route=\/wp\/v2\/users\/2"}],"replies":[{"embeddable":true,"href":"https:\/\/cannes4c.com\/index.php?rest_route=%2Fwp%2Fv2%2Fcomments&post=18902"}],"version-history":[{"count":22,"href":"https:\/\/cannes4c.com\/index.php?rest_route=\/wp\/v2\/pages\/18902\/revisions"}],"predecessor-version":[{"id":18932,"href":"https:\/\/cannes4c.com\/index.php?rest_route=\/wp\/v2\/pages\/18902\/revisions\/18932"}],"wp:attachment":[{"href":"https:\/\/cannes4c.com\/index.php?rest_route=%2Fwp%2Fv2%2Fmedia&parent=18902"}],"curies":[{"name":"wp","href":"https:\/\/api.w.org\/{rel}","templated":true}]}}