{"id":6769,"date":"2017-07-05T21:54:20","date_gmt":"2017-07-05T20:54:20","guid":{"rendered":"http:\/\/cannes4c.com\/?page_id=6769"},"modified":"2025-10-07T14:17:27","modified_gmt":"2025-10-07T13:17:27","slug":"essai","status":"publish","type":"page","link":"https:\/\/cannes4c.com\/","title":{"rendered":"Accueil"},"content":{"rendered":"\t\t<div data-elementor-type=\"wp-post\" data-elementor-id=\"6769\" class=\"elementor elementor-6769\">\n\t\t\t\t\t\t<div class=\"elementor-inner\">\n\t\t\t\t<div class=\"elementor-section-wrap\">\n\t\t\t\t\t\t\t\t\t<section class=\"elementor-section elementor-top-section elementor-element elementor-element-900ecb5 elementor-section-boxed elementor-section-height-default elementor-section-height-default\" data-id=\"900ecb5\" data-element_type=\"section\" data-settings=\"{&quot;_ha_eqh_enable&quot;:false}\">\n\t\t\t\t\t\t<div class=\"elementor-container elementor-column-gap-default\">\n\t\t\t\t\t\t\t<div class=\"elementor-row\">\n\t\t\t\t\t<div class=\"elementor-column elementor-col-100 elementor-top-column elementor-element elementor-element-18bf4ef\" data-id=\"18bf4ef\" data-element_type=\"column\">\n\t\t\t<div class=\"elementor-column-wrap\">\n\t\t\t\t\t\t\t<div class=\"elementor-widget-wrap\">\n\t\t\t\t\t\t\t\t<\/div>\n\t\t\t\t\t<\/div>\n\t\t<\/div>\n\t\t\t\t\t\t\t\t<\/div>\n\t\t\t\t\t<\/div>\n\t\t<\/section>\n\t\t\t\t<section class=\"elementor-section elementor-top-section elementor-element elementor-element-a50f3ff elementor-section-boxed elementor-section-height-default elementor-section-height-default\" data-id=\"a50f3ff\" data-element_type=\"section\" data-settings=\"{&quot;_ha_eqh_enable&quot;:false}\">\n\t\t\t\t\t\t<div class=\"elementor-container elementor-column-gap-default\">\n\t\t\t\t\t\t\t<div class=\"elementor-row\">\n\t\t\t\t\t<div class=\"elementor-column elementor-col-100 elementor-top-column elementor-element elementor-element-816a03c\" data-id=\"816a03c\" data-element_type=\"column\">\n\t\t\t<div class=\"elementor-column-wrap elementor-element-populated\">\n\t\t\t\t\t\t\t<div class=\"elementor-widget-wrap\">\n\t\t\t\t\t\t<div class=\"elementor-element elementor-element-618aa73 elementor-align-center elementor-widget elementor-widget-button\" data-id=\"618aa73\" data-element_type=\"widget\" data-widget_type=\"button.default\">\n\t\t\t\t<div class=\"elementor-widget-container\">\n\t\t\t\t\t<div class=\"elementor-button-wrapper\">\n\t\t\t<a href=\"https:\/\/cannes4c.com\/?page_id=17883\" target=\"_blank\" class=\"elementor-button-link elementor-button elementor-size-xl\" role=\"button\">\n\t\t\t\t\t\t<span class=\"elementor-button-content-wrapper\">\n\t\t\t\t\t\t<span class=\"elementor-button-text\">...................................................................................Activit\u00e9s..................................................................................<\/span>\n\t\t<\/span>\n\t\t\t\t\t<\/a>\n\t\t<\/div>\n\t\t\t\t<\/div>\n\t\t\t\t<\/div>\n\t\t\t\t\t\t<\/div>\n\t\t\t\t\t<\/div>\n\t\t<\/div>\n\t\t\t\t\t\t\t\t<\/div>\n\t\t\t\t\t<\/div>\n\t\t<\/section>\n\t\t\t\t<section class=\"elementor-section elementor-top-section elementor-element elementor-element-7011df7 elementor-section-full_width elementor-section-height-default elementor-section-height-default\" data-id=\"7011df7\" data-element_type=\"section\" data-settings=\"{&quot;background_background&quot;:&quot;classic&quot;,&quot;_ha_eqh_enable&quot;:false}\">\n\t\t\t\t\t\t\t<div class=\"elementor-background-overlay\"><\/div>\n\t\t\t\t\t\t\t<div class=\"elementor-container elementor-column-gap-default\">\n\t\t\t\t\t\t\t<div class=\"elementor-row\">\n\t\t\t\t\t<div class=\"elementor-column elementor-col-50 elementor-top-column elementor-element elementor-element-4411c03\" data-id=\"4411c03\" data-element_type=\"column\">\n\t\t\t<div class=\"elementor-column-wrap elementor-element-populated\">\n\t\t\t\t\t\t\t<div class=\"elementor-widget-wrap\">\n\t\t\t\t\t\t<div class=\"elementor-element elementor-element-8a4dcf4 elementor-widget elementor-widget-image\" data-id=\"8a4dcf4\" data-element_type=\"widget\" data-widget_type=\"image.default\">\n\t\t\t\t<div class=\"elementor-widget-container\">\n\t\t\t\t\t\t\t\t<div class=\"elementor-image\">\n\t\t\t\t\t\t\t\t\t\t\t\t<img width=\"772\" height=\"1024\" src=\"https:\/\/cannes4c.com\/wp-content\/uploads\/2021\/03\/Alibicocco-Quinto1-772x1024.png\" class=\"attachment-large size-large wp-image-18167\" alt=\"\" loading=\"lazy\" srcset=\"https:\/\/cannes4c.com\/wp-content\/uploads\/2021\/03\/Alibicocco-Quinto1-772x1024.png 772w, https:\/\/cannes4c.com\/wp-content\/uploads\/2021\/03\/Alibicocco-Quinto1-226x300.png 226w, https:\/\/cannes4c.com\/wp-content\/uploads\/2021\/03\/Alibicocco-Quinto1-768x1018.png 768w, https:\/\/cannes4c.com\/wp-content\/uploads\/2021\/03\/Alibicocco-Quinto1-600x796.png 600w, https:\/\/cannes4c.com\/wp-content\/uploads\/2021\/03\/Alibicocco-Quinto1-1158x1536.png 1158w, https:\/\/cannes4c.com\/wp-content\/uploads\/2021\/03\/Alibicocco-Quinto1.png 1500w\" sizes=\"(max-width: 772px) 100vw, 772px\" \/>\t\t\t\t\t\t\t\t\t\t\t\t\t\t<\/div>\n\t\t\t\t\t\t<\/div>\n\t\t\t\t<\/div>\n\t\t\t\t<div class=\"elementor-element elementor-element-24acd21 elementor-widget elementor-widget-heading\" data-id=\"24acd21\" data-element_type=\"widget\" data-widget_type=\"heading.default\">\n\t\t\t\t<div class=\"elementor-widget-container\">\n\t\t\t<h2 class=\"elementor-heading-title elementor-size-default\">Quinto Albicocco<br>\nPr\u00e9sident fondateur<\/h2>\t\t<\/div>\n\t\t\t\t<\/div>\n\t\t\t\t<div class=\"elementor-element elementor-element-8c9b597 elementor-widget elementor-widget-image\" data-id=\"8c9b597\" data-element_type=\"widget\" data-widget_type=\"image.default\">\n\t\t\t\t<div class=\"elementor-widget-container\">\n\t\t\t\t\t\t\t\t<div class=\"elementor-image\">\n\t\t\t\t\t\t\t\t\t\t\t\t<img src=\"https:\/\/cannes4c.com\/wp-content\/uploads\/elementor\/thumbs\/LECUIR-Paul1-p47ncsf5xkmya61mhm9v0a2fncohhrk40i4dictrdo.png\" title=\"LECUIR Paul1\" alt=\"LECUIR Paul1\" loading=\"lazy\" \/>\t\t\t\t\t\t\t\t\t\t\t\t\t\t<\/div>\n\t\t\t\t\t\t<\/div>\n\t\t\t\t<\/div>\n\t\t\t\t<div class=\"elementor-element elementor-element-2976319 elementor-widget elementor-widget-heading\" data-id=\"2976319\" data-element_type=\"widget\" data-widget_type=\"heading.default\">\n\t\t\t\t<div class=\"elementor-widget-container\">\n\t\t\t<h2 class=\"elementor-heading-title elementor-size-default\">Paul Lecuir<br>\nPr\u00e9sident <\/h2>\t\t<\/div>\n\t\t\t\t<\/div>\n\t\t\t\t<div data-ha-element-link=\"{&quot;url&quot;:&quot;https:\\\/\\\/cannes4c.com\\\/wp-content\\\/uploads\\\/2024\\\/11\\\/Droillard-Jean-Pierre-1-scaled.jpg&quot;,&quot;is_external&quot;:&quot;&quot;,&quot;nofollow&quot;:&quot;&quot;,&quot;custom_attributes&quot;:&quot;&quot;}\" style=\"cursor: pointer\" class=\"elementor-element elementor-element-b852043 elementor-widget elementor-widget-image\" data-id=\"b852043\" data-element_type=\"widget\" data-widget_type=\"image.default\">\n\t\t\t\t<div class=\"elementor-widget-container\">\n\t\t\t\t\t\t\t\t<div class=\"elementor-image\">\n\t\t\t\t\t\t\t\t\t\t\t\t<img src=\"https:\/\/cannes4c.com\/wp-content\/uploads\/elementor\/thumbs\/Droillard-Jean-Pierre-2a-rcuwsoo3bekjmj3ea86li8i60epfzvhmnhu9tqxty4.png\" title=\"Droillard Jean-Pierre 2a\" alt=\"Droillard Jean-Pierre 2a\" loading=\"lazy\" \/>\t\t\t\t\t\t\t\t\t\t\t\t\t\t<\/div>\n\t\t\t\t\t\t<\/div>\n\t\t\t\t<\/div>\n\t\t\t\t<div class=\"elementor-element elementor-element-5086d22 elementor-widget elementor-widget-heading\" data-id=\"5086d22\" data-element_type=\"widget\" data-widget_type=\"heading.default\">\n\t\t\t\t<div class=\"elementor-widget-container\">\n\t\t\t<h2 class=\"elementor-heading-title elementor-size-default\">Jean-Pierre Droillard\nPr\u00e9sident d'honneur<\/h2>\t\t<\/div>\n\t\t\t\t<\/div>\n\t\t\t\t<div class=\"elementor-element elementor-element-59f2951 elementor-widget elementor-widget-image\" data-id=\"59f2951\" data-element_type=\"widget\" data-widget_type=\"image.default\">\n\t\t\t\t<div class=\"elementor-widget-container\">\n\t\t\t\t\t\t\t\t<div class=\"elementor-image\">\n\t\t\t\t\t\t\t\t\t\t\t\t<img src=\"https:\/\/cannes4c.com\/wp-content\/uploads\/elementor\/thumbs\/Lecuir-Martine-p47ncrhbqqlnyk2zn3v8fsaz1yt4a2gdodgw12v5jw.png\" title=\"Lecuir Martine\" alt=\"Lecuir Martine\" loading=\"lazy\" \/>\t\t\t\t\t\t\t\t\t\t\t\t\t\t<\/div>\n\t\t\t\t\t\t<\/div>\n\t\t\t\t<\/div>\n\t\t\t\t<div class=\"elementor-element elementor-element-d5cf27b elementor-widget elementor-widget-heading\" data-id=\"d5cf27b\" data-element_type=\"widget\" data-widget_type=\"heading.default\">\n\t\t\t\t<div class=\"elementor-widget-container\">\n\t\t\t<h2 class=\"elementor-heading-title elementor-size-default\">Martine Lecuir<br>\nSecr\u00e9taire<\/h2>\t\t<\/div>\n\t\t\t\t<\/div>\n\t\t\t\t<div class=\"elementor-element elementor-element-faa397c elementor-widget elementor-widget-image\" data-id=\"faa397c\" data-element_type=\"widget\" data-widget_type=\"image.default\">\n\t\t\t\t<div class=\"elementor-widget-container\">\n\t\t\t\t\t\t\t\t<div class=\"elementor-image\">\n\t\t\t\t\t\t\t\t\t\t\t\t<img src=\"https:\/\/cannes4c.com\/wp-content\/uploads\/elementor\/thumbs\/Laurent-Michele-1-p469nd439v1ryha9h4o98u1zy8j1xdnxbo5hgu0wrg.png\" title=\"Laurent Mich\u00e8le 1\" alt=\"Laurent Mich\u00e8le 1\" loading=\"lazy\" \/>\t\t\t\t\t\t\t\t\t\t\t\t\t\t<\/div>\n\t\t\t\t\t\t<\/div>\n\t\t\t\t<\/div>\n\t\t\t\t<div class=\"elementor-element elementor-element-dbf3f12 elementor-widget elementor-widget-heading\" data-id=\"dbf3f12\" data-element_type=\"widget\" data-widget_type=\"heading.default\">\n\t\t\t\t<div class=\"elementor-widget-container\">\n\t\t\t<h2 class=\"elementor-heading-title elementor-size-default\">Mich\u00e8le Laurent<br>\nTr\u00e9sori\u00e8re<\/h2>\t\t<\/div>\n\t\t\t\t<\/div>\n\t\t\t\t\t\t<\/div>\n\t\t\t\t\t<\/div>\n\t\t<\/div>\n\t\t\t\t<div class=\"elementor-column elementor-col-50 elementor-top-column elementor-element elementor-element-a4e5b80\" data-id=\"a4e5b80\" data-element_type=\"column\">\n\t\t\t<div class=\"elementor-column-wrap elementor-element-populated\">\n\t\t\t\t\t\t\t<div class=\"elementor-widget-wrap\">\n\t\t\t\t\t\t<div class=\"elementor-element elementor-element-5c976a5 elementor-widget elementor-widget-heading\" data-id=\"5c976a5\" data-element_type=\"widget\" data-widget_type=\"heading.default\">\n\t\t\t\t<div class=\"elementor-widget-container\">\n\t\t\t<h2 class=\"elementor-heading-title elementor-size-default\">Le Cin\u00e9 Cam\u00e9ra Club de Cannes, une longue et belle histoire<\/h2>\t\t<\/div>\n\t\t\t\t<\/div>\n\t\t\t\t<div class=\"elementor-element elementor-element-8cb96a2 elementor-widget elementor-widget-text-editor\" data-id=\"8cb96a2\" data-element_type=\"widget\" data-widget_type=\"text-editor.default\">\n\t\t\t\t<div class=\"elementor-widget-container\">\n\t\t\t\t\t\t\t\t<div class=\"elementor-text-editor elementor-clearfix\">\n\t\t\t\t<p><strong>C&#8217;est au photographe italien Quinto Albicocco dont l&#8217;atelier se situait boulevard de la R\u00e9publique \u00e0 Cannes que l&#8217;on doit sa fondation, le 20 mai 1946, sous le nom de Cin\u00e9 Club de Cannes. Entour\u00e9 d&#8217;un groupe d&#8217;amis, il se donne pour t\u00e2che &#8220;de faire conna\u00eetre le cin\u00e9ma amateur avec ses possibilit\u00e9s artistiques et morales \u00e0 tous ceux que cet art pouvait attirer&#8221;. En 1946 il cr\u00e9e un festival de publicit\u00e9 et en 1947, il organise le premier Festival International du Film Amateur dans les salons du Martinez. D\u00e8s 1949, de jeunes cin\u00e9astes amateurs participent \u00e0\u00a0 ce festival : certains deviendront des professionnels confirm\u00e9s&#8230; (J.P. Rappeneau, Edouard Molinaro,\u00a0 Yves Ciampi &#8230; ) Dans son initiative avant-gardiste le Cin\u00e9 Club de Cannes est encourag\u00e9 par le monde litt\u00e9raire : Jean Cocteau, Boris Vian, Pierre Dac &#8230;\u00a0 En 1950 le festival grandit, il acc\u00e8de au palais des festivals avec, \u00e0 sa disposition, une salle de 1500 places. Il est sur la bonne voie : 32 nations y participent, plus de 250 films y sont pr\u00e9sent\u00e9s &#8230;<\/strong><\/p><p><strong>Le 25 juillet 1983 le Cin\u00e9 Club de Cannes devient le Cin\u00e9 Cam\u00e9ra Club de Cannes et \u00e9tend ses activit\u00e9s \u00e0 la vid\u00e9o, au diaporama et \u00e0 tout autre mode d&#8217;expression par le son et l&#8217;image non professionnel. En 1986, son pr\u00e9sident Lucien PIDEL aid\u00e9 de ses collaborateurs, organise le premier festival de cr\u00e9ativit\u00e9 en court m\u00e9trage. Il durera 29 ans et laissera sa place en 2017 au FICA (Festival International de Cr\u00e9ativit\u00e9 Audiovisuel) qui a accueilli, lors de sa derni\u00e8re \u00e9dition 200 films provenant de 21 pays diff\u00e9rents<\/strong><\/p><p><strong>Le Cin\u00e9 Cam\u00e9ra Club de Cannes est affili\u00e9 \u00e0 la F\u00e9d\u00e9ration Photographique de France et \u00e0 la F\u00e9d\u00e9ration Fran\u00e7aise de Cin\u00e9ma et Video.\u00a0 Soutenu par la Mairie de Cannes et le Conseil G\u00e9n\u00e9ral des Alpes-Maritimes il a d\u00e9velopp\u00e9 des\u00a0 partenariats avec le Conservatoire de Musique, la cha\u00eene Azur TV, et participe \u00e0 des \u00e9changes avec\u00a0 de nombreuses associations r\u00e9gionales li\u00e9es \u00e0 l&#8217;image.<\/strong><\/p><p><strong>Il compte aujourd&#8217;hui 150 adh\u00e9rents \u00e0 qui il propose :<\/strong><\/p><p><strong>&#8211; des soir\u00e9es de projection bi-mensuelles<\/strong><\/p><p><strong>&#8211; des ateliers de formation et perfectionnement \u00a0\u00e0 l&#8217;utilisation de logiciels de montage de films vid\u00e9os et de diaporamas<\/strong><\/p><p><strong>\u00a0&#8211; des sorties culturelles<\/strong><\/p><p>\u00a0<\/p>\t\t\t\t\t<\/div>\n\t\t\t\t\t\t<\/div>\n\t\t\t\t<\/div>\n\t\t\t\t<section class=\"elementor-section elementor-inner-section elementor-element elementor-element-bcb837e elementor-section-boxed elementor-section-height-default elementor-section-height-default\" data-id=\"bcb837e\" data-element_type=\"section\" data-settings=\"{&quot;_ha_eqh_enable&quot;:false}\">\n\t\t\t\t\t\t<div class=\"elementor-container elementor-column-gap-default\">\n\t\t\t\t\t\t\t<div class=\"elementor-row\">\n\t\t\t\t\t<div class=\"elementor-column elementor-col-33 elementor-inner-column elementor-element elementor-element-d3cd2a1\" data-id=\"d3cd2a1\" data-element_type=\"column\">\n\t\t\t<div class=\"elementor-column-wrap elementor-element-populated\">\n\t\t\t\t\t\t\t<div class=\"elementor-widget-wrap\">\n\t\t\t\t\t\t<div class=\"elementor-element elementor-element-76cdff6 elementor-align-justify elementor-widget elementor-widget-button\" data-id=\"76cdff6\" data-element_type=\"widget\" data-widget_type=\"button.default\">\n\t\t\t\t<div class=\"elementor-widget-container\">\n\t\t\t\t\t<div class=\"elementor-button-wrapper\">\n\t\t\t<a href=\"https:\/\/cannes4c.com\/wp-content\/uploads\/2021\/03\/Le-Cine-Camera-Club-de-Cannes-est-une-association-type-loi-1901.pdf\" target=\"_blank\" class=\"elementor-button-link elementor-button elementor-size-sm\" role=\"button\">\n\t\t\t\t\t\t<span class=\"elementor-button-content-wrapper\">\n\t\t\t\t\t\t<span class=\"elementor-button-text\">Rejoignez-nous<\/span>\n\t\t<\/span>\n\t\t\t\t\t<\/a>\n\t\t<\/div>\n\t\t\t\t<\/div>\n\t\t\t\t<\/div>\n\t\t\t\t\t\t<\/div>\n\t\t\t\t\t<\/div>\n\t\t<\/div>\n\t\t\t\t<div class=\"elementor-column elementor-col-33 elementor-inner-column elementor-element elementor-element-5753e4b\" data-id=\"5753e4b\" data-element_type=\"column\">\n\t\t\t<div class=\"elementor-column-wrap elementor-element-populated\">\n\t\t\t\t\t\t\t<div class=\"elementor-widget-wrap\">\n\t\t\t\t\t\t<div class=\"elementor-element elementor-element-436fa83 elementor-align-justify elementor-widget elementor-widget-button\" data-id=\"436fa83\" data-element_type=\"widget\" data-widget_type=\"button.default\">\n\t\t\t\t<div class=\"elementor-widget-container\">\n\t\t\t\t\t<div class=\"elementor-button-wrapper\">\n\t\t\t<a href=\"https:\/\/cannes4c.com\/?page_id=524\" target=\"_blank\" class=\"elementor-button-link elementor-button elementor-size-sm\" role=\"button\">\n\t\t\t\t\t\t<span class=\"elementor-button-content-wrapper\">\n\t\t\t\t\t\t<span class=\"elementor-button-text\">Tout sur le CCCC<\/span>\n\t\t<\/span>\n\t\t\t\t\t<\/a>\n\t\t<\/div>\n\t\t\t\t<\/div>\n\t\t\t\t<\/div>\n\t\t\t\t\t\t<\/div>\n\t\t\t\t\t<\/div>\n\t\t<\/div>\n\t\t\t\t<div class=\"elementor-column elementor-col-33 elementor-inner-column elementor-element elementor-element-27f4fd1\" data-id=\"27f4fd1\" data-element_type=\"column\">\n\t\t\t<div class=\"elementor-column-wrap elementor-element-populated\">\n\t\t\t\t\t\t\t<div class=\"elementor-widget-wrap\">\n\t\t\t\t\t\t<div class=\"elementor-element elementor-element-044c8b1 elementor-align-justify elementor-widget elementor-widget-button\" data-id=\"044c8b1\" data-element_type=\"widget\" data-widget_type=\"button.default\">\n\t\t\t\t<div class=\"elementor-widget-container\">\n\t\t\t\t\t<div class=\"elementor-button-wrapper\">\n\t\t\t<a href=\"https:\/\/cannes4c.com\/?page_id=13773\" target=\"_blank\" class=\"elementor-button-link elementor-button elementor-size-sm\" role=\"button\">\n\t\t\t\t\t\t<span class=\"elementor-button-content-wrapper\">\n\t\t\t\t\t\t<span class=\"elementor-button-text\">La vitrine du CCCC<\/span>\n\t\t<\/span>\n\t\t\t\t\t<\/a>\n\t\t<\/div>\n\t\t\t\t<\/div>\n\t\t\t\t<\/div>\n\t\t\t\t\t\t<\/div>\n\t\t\t\t\t<\/div>\n\t\t<\/div>\n\t\t\t\t\t\t\t\t<\/div>\n\t\t\t\t\t<\/div>\n\t\t<\/section>\n\t\t\t\t\t\t<\/div>\n\t\t\t\t\t<\/div>\n\t\t<\/div>\n\t\t\t\t\t\t\t\t<\/div>\n\t\t\t\t\t<\/div>\n\t\t<\/section>\n\t\t\t\t<section class=\"elementor-section elementor-top-section elementor-element elementor-element-ce98899 elementor-section-full_width elementor-section-height-default elementor-section-height-default\" data-id=\"ce98899\" data-element_type=\"section\" data-settings=\"{&quot;_ha_eqh_enable&quot;:false}\">\n\t\t\t\t\t\t<div class=\"elementor-container elementor-column-gap-default\">\n\t\t\t\t\t\t\t<div class=\"elementor-row\">\n\t\t\t\t\t<div class=\"elementor-column elementor-col-100 elementor-top-column elementor-element elementor-element-9712be1\" data-id=\"9712be1\" data-element_type=\"column\">\n\t\t\t<div class=\"elementor-column-wrap elementor-element-populated\">\n\t\t\t\t\t\t\t<div class=\"elementor-widget-wrap\">\n\t\t\t\t\t\t<div class=\"elementor-element elementor-element-1e0d066 elementor-widget elementor-widget-spacer\" data-id=\"1e0d066\" data-element_type=\"widget\" data-widget_type=\"spacer.default\">\n\t\t\t\t<div class=\"elementor-widget-container\">\n\t\t\t\t\t<div class=\"elementor-spacer\">\n\t\t\t<div class=\"elementor-spacer-inner\"><\/div>\n\t\t<\/div>\n\t\t\t\t<\/div>\n\t\t\t\t<\/div>\n\t\t\t\t\t\t<\/div>\n\t\t\t\t\t<\/div>\n\t\t<\/div>\n\t\t\t\t\t\t\t\t<\/div>\n\t\t\t\t\t<\/div>\n\t\t<\/section>\n\t\t\t\t\t\t\t\t\t<\/div>\n\t\t\t<\/div>\n\t\t\t\t\t<\/div>\n\t\t","protected":false},"excerpt":{"rendered":"<p>&#8230;&#8230;&#8230;&#8230;&#8230;&#8230;&#8230;&#8230;&#8230;&#8230;&#8230;&#8230;&#8230;&#8230;&#8230;&#8230;&#8230;&#8230;&#8230;&#8230;&#8230;&#8230;&#8230;&#8230;&#8230;&#8230;&#8230;..Activit\u00e9s&#8230;&#8230;&#8230;&#8230;&#8230;&#8230;&#8230;&#8230;&#8230;&#8230;&#8230;&#8230;&#8230;&#8230;&#8230;&#8230;&#8230;&#8230;&#8230;&#8230;&#8230;&#8230;&#8230;&#8230;&#8230;&#8230;&#8230;. Quinto Albicocco Pr\u00e9sident fondateur Paul Lecuir Pr\u00e9sident Jean-Pierre Droillard Pr\u00e9sident d&#8217;honneur Martine Lecuir Secr\u00e9taire Mich\u00e8le Laurent Tr\u00e9sori\u00e8re Le Cin\u00e9 Cam\u00e9ra Club de Cannes, une longue et belle histoire C&#8217;est au photographe italien Quinto Albicocco dont l&#8217;atelier se situait boulevard de la R\u00e9publique \u00e0 Cannes que l&#8217;on doit sa fondation, le 20 mai 1946, sous [&hellip;]<\/p>\n","protected":false},"author":1,"featured_media":0,"parent":0,"menu_order":0,"comment_status":"closed","ping_status":"closed","template":"","meta":{"_monsterinsights_skip_tracking":false,"_monsterinsights_sitenote_active":false,"_monsterinsights_sitenote_note":"","_monsterinsights_sitenote_category":0},"_links":{"self":[{"href":"https:\/\/cannes4c.com\/index.php?rest_route=\/wp\/v2\/pages\/6769"}],"collection":[{"href":"https:\/\/cannes4c.com\/index.php?rest_route=\/wp\/v2\/pages"}],"about":[{"href":"https:\/\/cannes4c.com\/index.php?rest_route=\/wp\/v2\/types\/page"}],"author":[{"embeddable":true,"href":"https:\/\/cannes4c.com\/index.php?rest_route=\/wp\/v2\/users\/1"}],"replies":[{"embeddable":true,"href":"https:\/\/cannes4c.com\/index.php?rest_route=%2Fwp%2Fv2%2Fcomments&post=6769"}],"version-history":[{"count":805,"href":"https:\/\/cannes4c.com\/index.php?rest_route=\/wp\/v2\/pages\/6769\/revisions"}],"predecessor-version":[{"id":23434,"href":"https:\/\/cannes4c.com\/index.php?rest_route=\/wp\/v2\/pages\/6769\/revisions\/23434"}],"wp:attachment":[{"href":"https:\/\/cannes4c.com\/index.php?rest_route=%2Fwp%2Fv2%2Fmedia&parent=6769"}],"curies":[{"name":"wp","href":"https:\/\/api.w.org\/{rel}","templated":true}]}}